{"id":101,"date":"2023-03-29T14:25:52","date_gmt":"2023-03-29T14:25:52","guid":{"rendered":"https:\/\/fairemploymentcode.abu.nl\/?page_id=101"},"modified":"2023-04-26T15:00:48","modified_gmt":"2023-04-26T15:00:48","slug":"tisztesseges-foglalkoztatasrol-szolo-kodexe-bevandorlo-munkavallalok-szamara","status":"publish","type":"page","link":"https:\/\/fairemploymentcode.abu.nl\/hu\/","title":{"rendered":"Tisztess\u00e9ges foglalkoztat\u00e1sr\u00f3l sz\u00f3l\u00f3 k\u00f3dexe bev\u00e1ndorl\u00f3 munkav\u00e1llal\u00f3k sz\u00e1m\u00e1ra"},"content":{"rendered":"","protected":false},"excerpt":{"rendered":"","protected":false},"author":19,"featured_media":0,"parent":0,"menu_order":0,"comment_status":"closed","ping_status":"open","template":"templates\/tpl-home.php","meta":{"_acf_changed":false,"footnotes":""},"class_list":["post-101","page","type-page","status-publish","hentry"],"acf":[],"_links":{"self":[{"href":"https:\/\/fairemploymentcode.abu.nl\/hu\/wp-json\/wp\/v2\/pages\/101","targetHints":{"allow":["GET"]}}],"collection":[{"href":"https:\/\/fairemploymentcode.abu.nl\/hu\/wp-json\/wp\/v2\/pages"}],"about":[{"href":"https:\/\/fairemploymentcode.abu.nl\/hu\/wp-json\/wp\/v2\/types\/page"}],"author":[{"embeddable":true,"href":"https:\/\/fairemploymentcode.abu.nl\/hu\/wp-json\/wp\/v2\/users\/19"}],"replies":[{"embeddable":true,"href":"https:\/\/fairemploymentcode.abu.nl\/hu\/wp-json\/wp\/v2\/comments?post=101"}],"version-history":[{"count":0,"href":"https:\/\/fairemploymentcode.abu.nl\/hu\/wp-json\/wp\/v2\/pages\/101\/revisions"}],"wp:attachment":[{"href":"https:\/\/fairemploymentcode.abu.nl\/hu\/wp-json\/wp\/v2\/media?parent=101"}],"curies":[{"name":"wp","href":"https:\/\/api.w.org\/{rel}","templated":true}]}}