{"id":75,"date":"2023-03-29T14:25:52","date_gmt":"2023-03-29T14:25:52","guid":{"rendered":"https:\/\/fairemploymentcode.abu.nl\/?page_id=75"},"modified":"2023-04-26T15:01:54","modified_gmt":"2023-04-26T15:01:54","slug":"codul-de-incadrare-echitabila-in-munca","status":"publish","type":"page","link":"https:\/\/fairemploymentcode.abu.nl\/ro\/","title":{"rendered":"Codul de \u00eencadrare echitabil\u0103 \u00een munc\u0103"},"content":{"rendered":"","protected":false},"excerpt":{"rendered":"","protected":false},"author":19,"featured_media":0,"parent":0,"menu_order":0,"comment_status":"closed","ping_status":"open","template":"templates\/tpl-home.php","meta":{"_acf_changed":false,"footnotes":""},"class_list":["post-75","page","type-page","status-publish","hentry"],"acf":[],"_links":{"self":[{"href":"https:\/\/fairemploymentcode.abu.nl\/ro\/wp-json\/wp\/v2\/pages\/75","targetHints":{"allow":["GET"]}}],"collection":[{"href":"https:\/\/fairemploymentcode.abu.nl\/ro\/wp-json\/wp\/v2\/pages"}],"about":[{"href":"https:\/\/fairemploymentcode.abu.nl\/ro\/wp-json\/wp\/v2\/types\/page"}],"author":[{"embeddable":true,"href":"https:\/\/fairemploymentcode.abu.nl\/ro\/wp-json\/wp\/v2\/users\/19"}],"replies":[{"embeddable":true,"href":"https:\/\/fairemploymentcode.abu.nl\/ro\/wp-json\/wp\/v2\/comments?post=75"}],"version-history":[{"count":0,"href":"https:\/\/fairemploymentcode.abu.nl\/ro\/wp-json\/wp\/v2\/pages\/75\/revisions"}],"wp:attachment":[{"href":"https:\/\/fairemploymentcode.abu.nl\/ro\/wp-json\/wp\/v2\/media?parent=75"}],"curies":[{"name":"wp","href":"https:\/\/api.w.org\/{rel}","templated":true}]}}